{"id":42,"date":"2023-08-24T14:05:47","date_gmt":"2023-08-24T14:05:47","guid":{"rendered":"https:\/\/bcaustria.at\/?page_id=42"},"modified":"2025-12-04T22:52:47","modified_gmt":"2025-12-04T22:52:47","slug":"der-club","status":"publish","type":"page","link":"https:\/\/bcaustria.at\/?page_id=42","title":{"rendered":"Der Club"},"content":{"rendered":"\t\t<div data-elementor-type=\"wp-page\" data-elementor-id=\"42\" class=\"elementor elementor-42\">\n\t\t\t\t\t\t\t\t\t<section class=\"elementor-section elementor-top-section elementor-element elementor-element-e01ffb3 elementor-section-boxed elementor-section-height-default elementor-section-height-default\" data-id=\"e01ffb3\" data-element_type=\"section\">\n\t\t\t\t\t\t<div class=\"elementor-container elementor-column-gap-default\">\n\t\t\t\t\t<div class=\"elementor-column elementor-col-100 elementor-top-column elementor-element elementor-element-ad3bdfe\" data-id=\"ad3bdfe\" data-element_type=\"column\">\n\t\t\t<div class=\"elementor-widget-wrap elementor-element-populated\">\n\t\t\t\t\t\t\t\t<div class=\"elementor-element elementor-element-ba7a373 elementor-widget elementor-widget-image\" data-id=\"ba7a373\" data-element_type=\"widget\" data-widget_type=\"image.default\">\n\t\t\t\t<div class=\"elementor-widget-container\">\n\t\t\t<style>\/*! elementor - v3.15.0 - 20-08-2023 *\/\n.elementor-widget-image{text-align:center}.elementor-widget-image a{display:inline-block}.elementor-widget-image a img[src$=\".svg\"]{width:48px}.elementor-widget-image img{vertical-align:middle;display:inline-block}<\/style>\t\t\t\t\t\t\t\t\t\t\t\t<img loading=\"lazy\" decoding=\"async\" width=\"165\" height=\"40\" src=\"https:\/\/bcaustria.at\/wp-content\/uploads\/2023\/08\/Welcome101.gif\" class=\"attachment-large size-large wp-image-44\" alt=\"\" \/>\t\t\t\t\t\t\t\t\t\t\t\t\t\t\t<\/div>\n\t\t\t\t<\/div>\n\t\t\t\t\t<\/div>\n\t\t<\/div>\n\t\t\t\t\t\t\t<\/div>\n\t\t<\/section>\n\t\t\t\t<section class=\"elementor-section elementor-top-section elementor-element elementor-element-d64e3f4 elementor-section-boxed elementor-section-height-default elementor-section-height-default\" data-id=\"d64e3f4\" data-element_type=\"section\">\n\t\t\t\t\t\t<div class=\"elementor-container elementor-column-gap-default\">\n\t\t\t\t\t<div class=\"elementor-column elementor-col-100 elementor-top-column elementor-element elementor-element-7006c18\" data-id=\"7006c18\" data-element_type=\"column\">\n\t\t\t<div class=\"elementor-widget-wrap elementor-element-populated\">\n\t\t\t\t\t\t\t\t<div class=\"elementor-element elementor-element-c7e911a elementor-widget elementor-widget-text-editor\" data-id=\"c7e911a\" data-element_type=\"widget\" data-widget_type=\"text-editor.default\">\n\t\t\t\t<div class=\"elementor-widget-container\">\n\t\t\t<style>\/*! elementor - v3.15.0 - 20-08-2023 *\/\n.elementor-widget-text-editor.elementor-drop-cap-view-stacked .elementor-drop-cap{background-color:#69727d;color:#fff}.elementor-widget-text-editor.elementor-drop-cap-view-framed .elementor-drop-cap{color:#69727d;border:3px solid;background-color:transparent}.elementor-widget-text-editor:not(.elementor-drop-cap-view-default) .elementor-drop-cap{margin-top:8px}.elementor-widget-text-editor:not(.elementor-drop-cap-view-default) .elementor-drop-cap-letter{width:1em;height:1em}.elementor-widget-text-editor .elementor-drop-cap{float:left;text-align:center;line-height:1;font-size:50px}.elementor-widget-text-editor .elementor-drop-cap-letter{display:inline-block}<\/style>\t\t\t\t<h2>Der Bridge Club Austria stellt sich vor<\/h2><p><strong>ZVR-Zahl:<\/strong> 347868108<\/p><p><b>Standort:<\/b> c\/o Dieter Schulz, Nordbahnstra\u00dfe 14\/12, 1020 Wien<br \/><b>Telefon:<\/b> +43 660 15 66 444<br \/><b>Email:<\/b> <a href=\"mailto:Buero@bcaustria.at\">Buero@bcaustria.at<\/a><br \/><strong>Schriftf\u00fchrer:<\/strong> G\u00fcnter Eipeldauer<\/p><h3>Clubvorstand<\/h3><p><b>Obmann:<\/b> Dieter Schulz<br \/><b> Sportwart:<\/b>Dieter Schulz<br \/><b>Kassier und Schriftf\u00fchrer:<\/b> G\u00fcnter Eipeldauer<\/p><h3>Mitgliedsbeitrag<\/h3><p>A-Mitglieder<\/p><p>84,00 \u20ac \/ Jahr inklusive Verbandsumlage, bei Zahlung im ersten Quartal nur 80 \u20ac<\/p><p>21,00 \u20ac \/ Quartal inklusive Verbandsumlage<\/p><p>F\u00fcr B-Mitglieder:<\/p><p>48,00 \u20ac \/ Jahr<br \/>12,00 \u20ac \/ Quartal<\/p>\t\t\t\t\t\t<\/div>\n\t\t\t\t<\/div>\n\t\t\t\t\t<\/div>\n\t\t<\/div>\n\t\t\t\t\t\t\t<\/div>\n\t\t<\/section>\n\t\t\t\t\t\t\t<\/div>\n\t\t","protected":false},"excerpt":{"rendered":"<p>Der Bridge Club Austria stellt sich vor ZVR-Zahl: 347868108 Standort: c\/o Dieter Schulz, Nordbahnstra\u00dfe 14\/12, 1020 WienTelefon: +43 660 15 66 444Email: Buero@bcaustria.atSchriftf\u00fchrer: G\u00fcnter Eipeldauer Clubvorstand Obmann: Dieter Schulz Sportwart:Dieter SchulzKassier und Schriftf\u00fchrer: G\u00fcnter Eipeldauer Mitgliedsbeitrag A-Mitglieder 84,00 \u20ac \/&#8230; <a class=\"more-link\" href=\"https:\/\/bcaustria.at\/?page_id=42\">Weiterlesen &rarr;<\/a><\/p>\n","protected":false},"author":1,"featured_media":0,"parent":0,"menu_order":0,"comment_status":"closed","ping_status":"closed","template":"","meta":{"footnotes":""},"class_list":["post-42","page","type-page","status-publish","hentry"],"_links":{"self":[{"href":"https:\/\/bcaustria.at\/index.php?rest_route=\/wp\/v2\/pages\/42","targetHints":{"allow":["GET"]}}],"collection":[{"href":"https:\/\/bcaustria.at\/index.php?rest_route=\/wp\/v2\/pages"}],"about":[{"href":"https:\/\/bcaustria.at\/index.php?rest_route=\/wp\/v2\/types\/page"}],"author":[{"embeddable":true,"href":"https:\/\/bcaustria.at\/index.php?rest_route=\/wp\/v2\/users\/1"}],"replies":[{"embeddable":true,"href":"https:\/\/bcaustria.at\/index.php?rest_route=%2Fwp%2Fv2%2Fcomments&post=42"}],"version-history":[{"count":16,"href":"https:\/\/bcaustria.at\/index.php?rest_route=\/wp\/v2\/pages\/42\/revisions"}],"predecessor-version":[{"id":380,"href":"https:\/\/bcaustria.at\/index.php?rest_route=\/wp\/v2\/pages\/42\/revisions\/380"}],"wp:attachment":[{"href":"https:\/\/bcaustria.at\/index.php?rest_route=%2Fwp%2Fv2%2Fmedia&parent=42"}],"curies":[{"name":"wp","href":"https:\/\/api.w.org\/{rel}","templated":true}]}}